{"id":75,"date":"2021-02-04T14:54:52","date_gmt":"2021-02-04T12:54:52","guid":{"rendered":"http:\/\/evaldodroziniai.lt\/?page_id=75"},"modified":"2026-03-31T19:56:16","modified_gmt":"2026-03-31T16:56:16","slug":"apie","status":"publish","type":"page","link":"https:\/\/evaldodroziniai.lt\/en\/apie\/","title":{"rendered":"About"},"content":{"rendered":"<div data-elementor-type=\"wp-page\" data-elementor-id=\"75\" class=\"elementor elementor-75\">\n\t\t\t\t\t\t<section class=\"elementor-section elementor-top-section elementor-element elementor-element-45d152d elementor-section-boxed elementor-section-height-default elementor-section-height-default\" data-id=\"45d152d\" data-element_type=\"section\" data-e-type=\"section\">\n\t\t\t\t\t\t<div class=\"elementor-container elementor-column-gap-default\">\n\t\t\t\t\t<div class=\"elementor-column elementor-col-100 elementor-top-column elementor-element elementor-element-e3787b1\" data-id=\"e3787b1\" data-element_type=\"column\" data-e-type=\"column\">\n\t\t\t<div class=\"elementor-widget-wrap elementor-element-populated\">\n\t\t\t\t\t\t<div class=\"elementor-element elementor-element-3125a30 elementor-widget-divider--view-line elementor-widget elementor-widget-divider\" data-id=\"3125a30\" data-element_type=\"widget\" data-e-type=\"widget\" data-widget_type=\"divider.default\">\n\t\t\t\t<div class=\"elementor-widget-container\">\n\t\t\t\t\t\t\t<div class=\"elementor-divider\">\n\t\t\t<span class=\"elementor-divider-separator\">\n\t\t\t\t\t\t<\/span>\n\t\t<\/div>\n\t\t\t\t\t\t<\/div>\n\t\t\t\t<\/div>\n\t\t\t\t<div class=\"elementor-element elementor-element-a8ddf21 elementor-widget elementor-widget-heading\" data-id=\"a8ddf21\" data-element_type=\"widget\" data-e-type=\"widget\" data-widget_type=\"heading.default\">\n\t\t\t\t<div class=\"elementor-widget-container\">\n\t\t\t\t\t<h1 class=\"elementor-heading-title elementor-size-default\">About<\/h1>\t\t\t\t<\/div>\n\t\t\t\t<\/div>\n\t\t\t\t<div class=\"elementor-element elementor-element-6c895cc elementor-widget-divider--view-line elementor-widget elementor-widget-divider\" data-id=\"6c895cc\" data-element_type=\"widget\" data-e-type=\"widget\" data-widget_type=\"divider.default\">\n\t\t\t\t<div class=\"elementor-widget-container\">\n\t\t\t\t\t\t\t<div class=\"elementor-divider\">\n\t\t\t<span class=\"elementor-divider-separator\">\n\t\t\t\t\t\t<\/span>\n\t\t<\/div>\n\t\t\t\t\t\t<\/div>\n\t\t\t\t<\/div>\n\t\t\t\t\t<\/div>\n\t\t<\/div>\n\t\t\t\t\t<\/div>\n\t\t<\/section>\n\t\t\t\t<section class=\"elementor-section elementor-top-section elementor-element elementor-element-97c5926 elementor-section-boxed elementor-section-height-default elementor-section-height-default\" data-id=\"97c5926\" data-element_type=\"section\" data-e-type=\"section\">\n\t\t\t\t\t\t<div class=\"elementor-container elementor-column-gap-default\">\n\t\t\t\t\t<div class=\"elementor-column elementor-col-50 elementor-top-column elementor-element elementor-element-85f316c\" data-id=\"85f316c\" data-element_type=\"column\" data-e-type=\"column\">\n\t\t\t<div class=\"elementor-widget-wrap elementor-element-populated\">\n\t\t\t\t\t\t<div class=\"elementor-element elementor-element-08cb7cf elementor-widget elementor-widget-text-editor\" data-id=\"08cb7cf\" data-element_type=\"widget\" data-e-type=\"widget\" data-widget_type=\"text-editor.default\">\n\t\t\t\t<div class=\"elementor-widget-container\">\n\t\t\t\t\t\t\t\t\t<div><div dir=\"auto\">Hello, I'm Evaldas. If you are interested in any of my work, it may be yours. You want original work - we can create it together according to your vision!<\/div><\/div><div dir=\"auto\">\u00a0<\/div><div><div dir=\"auto\">I carve wood sculptures, furniture, environmental and interior decorations. I use oak or other wood for carving, according to the client's wishes. The price depends on the complexity of the carvings and the size of the product.<\/div><\/div><div dir=\"auto\">\u00a0<\/div><div><div dir=\"auto\">I can send work by courier to Austria, Denmark, Germany, Luxembourg, Netherlands, Switzerland (you can also contact for other European Union countries). If you are interested in any work, please contact me at <a class=\"phone_number\" href=\"mail:evaldodroziniai@gmail.com\">+370 686 78 068.<\/a> <a class=\"email\" href=\"mailto:info@evaldodroziniai.lt\">info@evaldodroziniai.lt.<\/a><\/div><\/div>\t\t\t\t\t\t\t\t<\/div>\n\t\t\t\t<\/div>\n\t\t\t\t\t<\/div>\n\t\t<\/div>\n\t\t\t\t<div class=\"elementor-column elementor-col-50 elementor-top-column elementor-element elementor-element-f1c72bc\" data-id=\"f1c72bc\" data-element_type=\"column\" data-e-type=\"column\">\n\t\t\t<div class=\"elementor-widget-wrap elementor-element-populated\">\n\t\t\t\t\t\t<div class=\"elementor-element elementor-element-6f37372 elementor-widget elementor-widget-image\" data-id=\"6f37372\" data-element_type=\"widget\" data-e-type=\"widget\" data-widget_type=\"image.default\">\n\t\t\t\t<div class=\"elementor-widget-container\">\n\t\t\t\t\t\t\t\t\t\t\t\t\t\t\t<img fetchpriority=\"high\" decoding=\"async\" width=\"582\" height=\"437\" src=\"https:\/\/evaldodroziniai.lt\/wp-content\/uploads\/2021\/02\/106987054_686893271869598_8637078697306844752_n.jpg\" class=\"attachment-large size-large wp-image-77\" alt=\"\" srcset=\"https:\/\/evaldodroziniai.lt\/wp-content\/uploads\/2021\/02\/106987054_686893271869598_8637078697306844752_n.jpg 582w, https:\/\/evaldodroziniai.lt\/wp-content\/uploads\/2021\/02\/106987054_686893271869598_8637078697306844752_n-300x225.jpg 300w\" sizes=\"(max-width: 582px) 100vw, 582px\" \/>\t\t\t\t\t\t\t\t\t\t\t\t\t\t\t<\/div>\n\t\t\t\t<\/div>\n\t\t\t\t\t<\/div>\n\t\t<\/div>\n\t\t\t\t\t<\/div>\n\t\t<\/section>\n\t\t\t\t<section class=\"elementor-section elementor-top-section elementor-element elementor-element-92fdbf1 elementor-section-boxed elementor-section-height-default elementor-section-height-default\" data-id=\"92fdbf1\" data-element_type=\"section\" data-e-type=\"section\">\n\t\t\t\t\t\t<div class=\"elementor-container elementor-column-gap-default\">\n\t\t\t\t\t<div class=\"elementor-column elementor-col-100 elementor-top-column elementor-element elementor-element-bf1618f\" data-id=\"bf1618f\" data-element_type=\"column\" data-e-type=\"column\">\n\t\t\t<div class=\"elementor-widget-wrap elementor-element-populated\">\n\t\t\t\t\t\t<div class=\"elementor-element elementor-element-517860f elementor-widget elementor-widget-google_maps\" data-id=\"517860f\" data-element_type=\"widget\" data-e-type=\"widget\" data-widget_type=\"google_maps.default\">\n\t\t\t\t<div class=\"elementor-widget-container\">\n\t\t\t\t\t\t\t<div class=\"elementor-custom-embed\">\n\t\t\t<iframe loading=\"lazy\"\n\t\t\t\t\tsrc=\"https:\/\/maps.google.com\/maps?q=Kranto%20g.%206%2C%2089386%20U%C5%BEe%C5%BEer%C4%97&#038;t=m&#038;z=10&#038;output=embed&#038;iwloc=near\"\n\t\t\t\t\ttitle=\"Kranto g. 6, 89386 U\u017ee\u017eer\u0117\"\n\t\t\t\t\taria-label=\"Kranto g. 6, 89386 U\u017ee\u017eer\u0117\"\n\t\t\t><\/iframe>\n\t\t<\/div>\n\t\t\t\t\t\t<\/div>\n\t\t\t\t<\/div>\n\t\t\t\t\t<\/div>\n\t\t<\/div>\n\t\t\t\t\t<\/div>\n\t\t<\/section>\n\t\t\t\t<\/div>","protected":false},"excerpt":{"rendered":"<p>Apie Sveiki, a\u0161 esu Evaldas. Jeigu Jus sudomino kuris nors mano dirbinys, jis gali b\u016bti J\u016bs\u0173. Norite originalaus darbo &#8211; [&hellip;]<\/p>\n","protected":false},"author":1,"featured_media":0,"parent":0,"menu_order":0,"comment_status":"closed","ping_status":"closed","template":"elementor_header_footer","meta":{"site-sidebar-layout":"default","site-content-layout":"","ast-site-content-layout":"default","site-content-style":"default","site-sidebar-style":"default","ast-global-header-display":"","ast-banner-title-visibility":"","ast-main-header-display":"","ast-hfb-above-header-display":"","ast-hfb-below-header-display":"","ast-hfb-mobile-header-display":"","site-post-title":"","ast-breadcrumbs-content":"","ast-featured-img":"","footer-sml-layout":"","ast-disable-related-posts":"","theme-transparent-header-meta":"","adv-header-id-meta":"","stick-header-meta":"","header-above-stick-meta":"","header-main-stick-meta":"","header-below-stick-meta":"","astra-migrate-meta-layouts":"default","ast-page-background-enabled":"default","ast-page-background-meta":{"desktop":{"background-color":"var(--ast-global-color-4)","background-image":"","background-repeat":"repeat","background-position":"center center","background-size":"auto","background-attachment":"scroll","background-type":"","background-media":"","overlay-type":"","overlay-color":"","overlay-opacity":"","overlay-gradient":""},"tablet":{"background-color":"","background-image":"","background-repeat":"repeat","background-position":"center center","background-size":"auto","background-attachment":"scroll","background-type":"","background-media":"","overlay-type":"","overlay-color":"","overlay-opacity":"","overlay-gradient":""},"mobile":{"background-color":"","background-image":"","background-repeat":"repeat","background-position":"center center","background-size":"auto","background-attachment":"scroll","background-type":"","background-media":"","overlay-type":"","overlay-color":"","overlay-opacity":"","overlay-gradient":""}},"ast-content-background-meta":{"desktop":{"background-color":"var(--ast-global-color-5)","background-image":"","background-repeat":"repeat","background-position":"center center","background-size":"auto","background-attachment":"scroll","background-type":"","background-media":"","overlay-type":"","overlay-color":"","overlay-opacity":"","overlay-gradient":""},"tablet":{"background-color":"var(--ast-global-color-5)","background-image":"","background-repeat":"repeat","background-position":"center center","background-size":"auto","background-attachment":"scroll","background-type":"","background-media":"","overlay-type":"","overlay-color":"","overlay-opacity":"","overlay-gradient":""},"mobile":{"background-color":"var(--ast-global-color-5)","background-image":"","background-repeat":"repeat","background-position":"center center","background-size":"auto","background-attachment":"scroll","background-type":"","background-media":"","overlay-type":"","overlay-color":"","overlay-opacity":"","overlay-gradient":""}},"_vp_format_video_url":"","_vp_image_focal_point":[],"footnotes":""},"class_list":["post-75","page","type-page","status-publish","hentry"],"yoast_head":"<!-- This site is optimized with the Yoast SEO plugin v27.3 - https:\/\/yoast.com\/product\/yoast-seo-wordpress\/ -->\n<title>Apie - Evaldo dro\u017einiai<\/title>\n<meta name=\"description\" content=\"Med\u017eio dro\u017einiai: lauko baldai, skulpt\u016bros, kolonos, lauko ir vidaus dekoracijos bei kita. Galite u\u017esisakyti ir \u012fsigyti jau pagamint\u0173 darb\u0173.\" \/>\n<meta name=\"robots\" content=\"index, follow, max-snippet:-1, max-image-preview:large, max-video-preview:-1\" \/>\n<link rel=\"canonical\" href=\"https:\/\/evaldodroziniai.lt\/en\/apie\/\" \/>\n<meta property=\"og:locale\" content=\"en_US\" \/>\n<meta property=\"og:type\" content=\"article\" \/>\n<meta property=\"og:title\" content=\"Apie - Evaldo dro\u017einiai\" \/>\n<meta property=\"og:description\" content=\"Med\u017eio dro\u017einiai: lauko baldai, skulpt\u016bros, kolonos, lauko ir vidaus dekoracijos bei kita. Galite u\u017esisakyti ir \u012fsigyti jau pagamint\u0173 darb\u0173.\" \/>\n<meta property=\"og:url\" content=\"https:\/\/evaldodroziniai.lt\/en\/apie\/\" \/>\n<meta property=\"og:site_name\" content=\"Evaldo dro\u017einiai\" \/>\n<meta property=\"article:modified_time\" content=\"2026-03-31T16:56:16+00:00\" \/>\n<meta property=\"og:image\" content=\"https:\/\/evaldodroziniai.lt\/wp-content\/uploads\/2021\/02\/106987054_686893271869598_8637078697306844752_n.jpg\" \/>\n<meta name=\"twitter:card\" content=\"summary_large_image\" \/>\n<meta name=\"twitter:label1\" content=\"Est. reading time\" \/>\n\t<meta name=\"twitter:data1\" content=\"1 minute\" \/>\n<script type=\"application\/ld+json\" class=\"yoast-schema-graph\">{\"@context\":\"https:\\\/\\\/schema.org\",\"@graph\":[{\"@type\":\"WebPage\",\"@id\":\"https:\\\/\\\/evaldodroziniai.lt\\\/apie\\\/\",\"url\":\"https:\\\/\\\/evaldodroziniai.lt\\\/apie\\\/\",\"name\":\"Apie - Evaldo dro\u017einiai\",\"isPartOf\":{\"@id\":\"https:\\\/\\\/evaldodroziniai.lt\\\/#website\"},\"primaryImageOfPage\":{\"@id\":\"https:\\\/\\\/evaldodroziniai.lt\\\/apie\\\/#primaryimage\"},\"image\":{\"@id\":\"https:\\\/\\\/evaldodroziniai.lt\\\/apie\\\/#primaryimage\"},\"thumbnailUrl\":\"https:\\\/\\\/evaldodroziniai.lt\\\/wp-content\\\/uploads\\\/2021\\\/02\\\/106987054_686893271869598_8637078697306844752_n.jpg\",\"datePublished\":\"2021-02-04T12:54:52+00:00\",\"dateModified\":\"2026-03-31T16:56:16+00:00\",\"description\":\"Med\u017eio dro\u017einiai: lauko baldai, skulpt\u016bros, kolonos, lauko ir vidaus dekoracijos bei kita. Galite u\u017esisakyti ir \u012fsigyti jau pagamint\u0173 darb\u0173.\",\"breadcrumb\":{\"@id\":\"https:\\\/\\\/evaldodroziniai.lt\\\/apie\\\/#breadcrumb\"},\"inLanguage\":\"en-US\",\"potentialAction\":[{\"@type\":\"ReadAction\",\"target\":[\"https:\\\/\\\/evaldodroziniai.lt\\\/apie\\\/\"]}]},{\"@type\":\"ImageObject\",\"inLanguage\":\"en-US\",\"@id\":\"https:\\\/\\\/evaldodroziniai.lt\\\/apie\\\/#primaryimage\",\"url\":\"https:\\\/\\\/evaldodroziniai.lt\\\/wp-content\\\/uploads\\\/2021\\\/02\\\/106987054_686893271869598_8637078697306844752_n.jpg\",\"contentUrl\":\"https:\\\/\\\/evaldodroziniai.lt\\\/wp-content\\\/uploads\\\/2021\\\/02\\\/106987054_686893271869598_8637078697306844752_n.jpg\"},{\"@type\":\"BreadcrumbList\",\"@id\":\"https:\\\/\\\/evaldodroziniai.lt\\\/apie\\\/#breadcrumb\",\"itemListElement\":[{\"@type\":\"ListItem\",\"position\":1,\"name\":\"Home\",\"item\":\"https:\\\/\\\/evaldodroziniai.lt\\\/\"},{\"@type\":\"ListItem\",\"position\":2,\"name\":\"Apie\"}]},{\"@type\":\"WebSite\",\"@id\":\"https:\\\/\\\/evaldodroziniai.lt\\\/#website\",\"url\":\"https:\\\/\\\/evaldodroziniai.lt\\\/\",\"name\":\"Evaldo dro\u017einiai\",\"description\":\"\",\"publisher\":{\"@id\":\"https:\\\/\\\/evaldodroziniai.lt\\\/#\\\/schema\\\/person\\\/f8d8de6c390b2370496f0c62758f79a0\"},\"potentialAction\":[{\"@type\":\"SearchAction\",\"target\":{\"@type\":\"EntryPoint\",\"urlTemplate\":\"https:\\\/\\\/evaldodroziniai.lt\\\/?s={search_term_string}\"},\"query-input\":{\"@type\":\"PropertyValueSpecification\",\"valueRequired\":true,\"valueName\":\"search_term_string\"}}],\"inLanguage\":\"en-US\"},{\"@type\":[\"Person\",\"Organization\"],\"@id\":\"https:\\\/\\\/evaldodroziniai.lt\\\/#\\\/schema\\\/person\\\/f8d8de6c390b2370496f0c62758f79a0\",\"name\":\"Evaldas Kareiva\",\"image\":{\"@type\":\"ImageObject\",\"inLanguage\":\"en-US\",\"@id\":\"https:\\\/\\\/evaldodroziniai.lt\\\/wp-content\\\/uploads\\\/2021\\\/02\\\/cropped-cropped-ED-logo_su_tekstu1-3.png\",\"url\":\"https:\\\/\\\/evaldodroziniai.lt\\\/wp-content\\\/uploads\\\/2021\\\/02\\\/cropped-cropped-ED-logo_su_tekstu1-3.png\",\"contentUrl\":\"https:\\\/\\\/evaldodroziniai.lt\\\/wp-content\\\/uploads\\\/2021\\\/02\\\/cropped-cropped-ED-logo_su_tekstu1-3.png\",\"width\":704,\"height\":204,\"caption\":\"Evaldas Kareiva\"},\"logo\":{\"@id\":\"https:\\\/\\\/evaldodroziniai.lt\\\/wp-content\\\/uploads\\\/2021\\\/02\\\/cropped-cropped-ED-logo_su_tekstu1-3.png\"}}]}<\/script>\n<!-- \/ Yoast SEO plugin. -->","yoast_head_json":{"title":"Apie - Evaldo dro\u017einiai","description":"Med\u017eio dro\u017einiai: lauko baldai, skulpt\u016bros, kolonos, lauko ir vidaus dekoracijos bei kita. Galite u\u017esisakyti ir \u012fsigyti jau pagamint\u0173 darb\u0173.","robots":{"index":"index","follow":"follow","max-snippet":"max-snippet:-1","max-image-preview":"max-image-preview:large","max-video-preview":"max-video-preview:-1"},"canonical":"https:\/\/evaldodroziniai.lt\/en\/apie\/","og_locale":"en_US","og_type":"article","og_title":"Apie - Evaldo dro\u017einiai","og_description":"Med\u017eio dro\u017einiai: lauko baldai, skulpt\u016bros, kolonos, lauko ir vidaus dekoracijos bei kita. Galite u\u017esisakyti ir \u012fsigyti jau pagamint\u0173 darb\u0173.","og_url":"https:\/\/evaldodroziniai.lt\/en\/apie\/","og_site_name":"Evaldo dro\u017einiai","article_modified_time":"2026-03-31T16:56:16+00:00","og_image":[{"url":"https:\/\/evaldodroziniai.lt\/wp-content\/uploads\/2021\/02\/106987054_686893271869598_8637078697306844752_n.jpg","type":"","width":"","height":""}],"twitter_card":"summary_large_image","twitter_misc":{"Est. reading time":"1 minute"},"schema":{"@context":"https:\/\/schema.org","@graph":[{"@type":"WebPage","@id":"https:\/\/evaldodroziniai.lt\/apie\/","url":"https:\/\/evaldodroziniai.lt\/apie\/","name":"Apie - Evaldo dro\u017einiai","isPartOf":{"@id":"https:\/\/evaldodroziniai.lt\/#website"},"primaryImageOfPage":{"@id":"https:\/\/evaldodroziniai.lt\/apie\/#primaryimage"},"image":{"@id":"https:\/\/evaldodroziniai.lt\/apie\/#primaryimage"},"thumbnailUrl":"https:\/\/evaldodroziniai.lt\/wp-content\/uploads\/2021\/02\/106987054_686893271869598_8637078697306844752_n.jpg","datePublished":"2021-02-04T12:54:52+00:00","dateModified":"2026-03-31T16:56:16+00:00","description":"Med\u017eio dro\u017einiai: lauko baldai, skulpt\u016bros, kolonos, lauko ir vidaus dekoracijos bei kita. Galite u\u017esisakyti ir \u012fsigyti jau pagamint\u0173 darb\u0173.","breadcrumb":{"@id":"https:\/\/evaldodroziniai.lt\/apie\/#breadcrumb"},"inLanguage":"en-US","potentialAction":[{"@type":"ReadAction","target":["https:\/\/evaldodroziniai.lt\/apie\/"]}]},{"@type":"ImageObject","inLanguage":"en-US","@id":"https:\/\/evaldodroziniai.lt\/apie\/#primaryimage","url":"https:\/\/evaldodroziniai.lt\/wp-content\/uploads\/2021\/02\/106987054_686893271869598_8637078697306844752_n.jpg","contentUrl":"https:\/\/evaldodroziniai.lt\/wp-content\/uploads\/2021\/02\/106987054_686893271869598_8637078697306844752_n.jpg"},{"@type":"BreadcrumbList","@id":"https:\/\/evaldodroziniai.lt\/apie\/#breadcrumb","itemListElement":[{"@type":"ListItem","position":1,"name":"Home","item":"https:\/\/evaldodroziniai.lt\/"},{"@type":"ListItem","position":2,"name":"Apie"}]},{"@type":"WebSite","@id":"https:\/\/evaldodroziniai.lt\/#website","url":"https:\/\/evaldodroziniai.lt\/","name":"Evaldo dro\u017einiai","description":"","publisher":{"@id":"https:\/\/evaldodroziniai.lt\/#\/schema\/person\/f8d8de6c390b2370496f0c62758f79a0"},"potentialAction":[{"@type":"SearchAction","target":{"@type":"EntryPoint","urlTemplate":"https:\/\/evaldodroziniai.lt\/?s={search_term_string}"},"query-input":{"@type":"PropertyValueSpecification","valueRequired":true,"valueName":"search_term_string"}}],"inLanguage":"en-US"},{"@type":["Person","Organization"],"@id":"https:\/\/evaldodroziniai.lt\/#\/schema\/person\/f8d8de6c390b2370496f0c62758f79a0","name":"Evaldas Kareiva","image":{"@type":"ImageObject","inLanguage":"en-US","@id":"https:\/\/evaldodroziniai.lt\/wp-content\/uploads\/2021\/02\/cropped-cropped-ED-logo_su_tekstu1-3.png","url":"https:\/\/evaldodroziniai.lt\/wp-content\/uploads\/2021\/02\/cropped-cropped-ED-logo_su_tekstu1-3.png","contentUrl":"https:\/\/evaldodroziniai.lt\/wp-content\/uploads\/2021\/02\/cropped-cropped-ED-logo_su_tekstu1-3.png","width":704,"height":204,"caption":"Evaldas Kareiva"},"logo":{"@id":"https:\/\/evaldodroziniai.lt\/wp-content\/uploads\/2021\/02\/cropped-cropped-ED-logo_su_tekstu1-3.png"}}]}},"_links":{"self":[{"href":"https:\/\/evaldodroziniai.lt\/en\/wp-json\/wp\/v2\/pages\/75","targetHints":{"allow":["GET"]}}],"collection":[{"href":"https:\/\/evaldodroziniai.lt\/en\/wp-json\/wp\/v2\/pages"}],"about":[{"href":"https:\/\/evaldodroziniai.lt\/en\/wp-json\/wp\/v2\/types\/page"}],"author":[{"embeddable":true,"href":"https:\/\/evaldodroziniai.lt\/en\/wp-json\/wp\/v2\/users\/1"}],"replies":[{"embeddable":true,"href":"https:\/\/evaldodroziniai.lt\/en\/wp-json\/wp\/v2\/comments?post=75"}],"version-history":[{"count":1,"href":"https:\/\/evaldodroziniai.lt\/en\/wp-json\/wp\/v2\/pages\/75\/revisions"}],"predecessor-version":[{"id":1367,"href":"https:\/\/evaldodroziniai.lt\/en\/wp-json\/wp\/v2\/pages\/75\/revisions\/1367"}],"wp:attachment":[{"href":"https:\/\/evaldodroziniai.lt\/en\/wp-json\/wp\/v2\/media?parent=75"}],"curies":[{"name":"wp","href":"https:\/\/api.w.org\/{rel}","templated":true}]}}